{"id":159,"date":"2020-07-22T09:42:27","date_gmt":"2020-07-22T09:42:27","guid":{"rendered":"http:\/\/obour.themezinho.net\/?page_id=159"},"modified":"2024-09-23T15:03:32","modified_gmt":"2024-09-23T13:03:32","slug":"despre","status":"publish","type":"page","link":"https:\/\/empiremarketing.ro\/agentie-de-marketing\/despre\/","title":{"rendered":"DESPRE"},"content":{"rendered":"<div class=\"wpb-content-wrapper\"><p>[vc_row content_placement=&#8221;middle&#8221; section_ratio=&#8221;0.8&#8243; use_container=&#8221;yes&#8221; section_background_image=&#8221;281&#8243;][vc_column offset=&#8221;vc_col-md-6&#8243;][ts_image_box image=&#8221;394&#8243; title=&#8221;Image&#8221;][\/vc_column][vc_column offset=&#8221;vc_col-md-6&#8243;][ts_side_content title=&#8221;Agen\u021be de Marketing Digital de Top&#8221; description=&#8221;O agen\u021bie digital\u0103 creativ\u0103 cu o echip\u0103 diversificat\u0103 \u0219i inovatoare, lucr\u00e2nd \u00eempreun\u0103 pentru a crea designuri deosebite pentru tine. Suntem o agen\u021bie creativ\u0103 complet\u0103 care crede pur \u0219i simplu \u00een crearea de pove\u0219ti de succes digital.&#8221; name=&#8221;&#8221; jobtitle=&#8221;&#8221; tagline=&#8221;S\u0102 FACEM CUNO\u0218TIN\u021a\u0102&#8221; icon=&#8221;317&#8243;][\/vc_column][\/vc_row][vc_row content_placement=&#8221;middle&#8221; motts_theme_padding=&#8221;no&#8221; use_container=&#8221;yes&#8221; el_class=&#8221;justify-center&#8221; css=&#8221;.vc_custom_1595411828019{margin-top: -50px !important;margin-bottom: 100px !important;}&#8221;][vc_column offset=&#8221;vc_col-lg-3 vc_col-md-4&#8243;][ts_counter_box image=&#8221;66&#8243; value=&#8221;57&#8243; symbol=&#8221;+&#8221; description=&#8221;Proiecte administrare lunar&#8221;][\/vc_column][vc_column offset=&#8221;vc_col-lg-3 vc_col-md-4&#8243;][ts_counter_box image=&#8221;67&#8243; value=&#8221;30&#8243; symbol=&#8221;k&#8221; description=&#8221;Keywords updated&#8221;][\/vc_column][vc_column offset=&#8221;vc_col-lg-3 vc_col-md-4&#8243;][ts_counter_box image=&#8221;68&#8243; value=&#8221;62&#8243; symbol=&#8221;+&#8221; description=&#8221;Index\u0103ri pe Google&#8221;][\/vc_column][\/vc_row][vc_row section_ratio=&#8221;0.8&#8243; use_container=&#8221;yes&#8221; section_background_image=&#8221;282&#8243;][vc_column][vc_row_inner][vc_column_inner][ts_section_title tagline=&#8221;ECHIPA&#8221; title=&#8221;Suntem un grup t\u00e2n\u0103r \u0219i entuziast care vom gestiona proiectul t\u0103u&#8221;][\/vc_column_inner][\/vc_row_inner][\/vc_column][\/vc_row][vc_row section_background_color=&#8221;#5513a0&#8243; use_container=&#8221;yes&#8221;][vc_column][vc_row_inner][vc_column_inner][ts_section_title color=&#8221;light&#8221; tagline=&#8221;WORK FLOW&#8221; title=&#8221;Pa\u0219ii pentru a Construie un Produs Digital de Succes&#8221;][\/vc_column_inner][\/vc_row_inner][vc_row_inner][vc_column_inner][ts_steps_slider details=&#8221;%5B%7B%22image%22%3A%22398%22%2C%22value%22%3A%2201%22%2C%22title%22%3A%22Branding%20%3Cbr%3EIdentitate%20Vizual%C4%83%22%2C%22description%22%3A%22Crearea%20identit%C4%83%C8%9Bii%20de%20brand%20implic%C4%83%20definirea%20valorilor%2C%20misiunii%20%C8%99i%20viziunii%20afacerii%2C%20dezvoltarea%20unui%20logo%20distinctiv%2C%20a%20unui%20stil%20vizual%20coerent%20%C8%99i%20a%20unui%20mesaj%20clar.%20Este%20esen%C8%9Bial%20s%C4%83%20creezi%20o%20imagine%20%C8%99i%20o%20voce%20consistent%C4%83%20care%20s%C4%83%20rezoneze%20cu%20publicul%20%C8%9Bint%C4%83%20%C8%99i%20s%C4%83%20diferen%C8%9Bieze%20brandul%20pe%20pia%C8%9B%C4%83.%22%7D%2C%7B%22image%22%3A%22399%22%2C%22value%22%3A%2202%22%2C%22title%22%3A%22Advertising%20%26amp%3B%3Cbr%3EMarketing%22%2C%22description%22%3A%22Crearea%20unei%20strategii%20de%20marketing%20presupune%20identificarea%20obiectivelor%20de%20afaceri%2C%20%C3%AEn%C8%9Belegerea%20publicului%20%C8%9Bint%C4%83%20%C8%99i%20a%20pie%C8%9Bei%2C%20dezvoltarea%20unui%20mesaj%20atractiv%20%C8%99i%20selectarea%20canalelor%20de%20promovare%20potrivite.%20Se%20elaboreaz%C4%83%20un%20plan%20detaliat%2C%20se%20aloc%C4%83%20resurse%20%C8%99i%20se%20monitorizeaz%C4%83%20performan%C8%9Ba%20pentru%20a%20optimiza%20rezultatele.%22%7D%2C%7B%22image%22%3A%22400%22%2C%22value%22%3A%2203%22%2C%22title%22%3A%22Dezvoltare%20%26amp%3B%3Cbr%3ETestare%22%2C%22description%22%3A%22Dezvoltarea%20unui%20brand%20implic%C4%83%20crearea%20unei%20identit%C4%83%C8%9Bi%20distincte%20%C8%99i%20a%20unui%20mesaj%20consistent.%20Testarea%20strategiilor%20de%20marketing%20presupune%20aplicarea%20diferitelor%20tactici%2C%20analizarea%20rezultatelor%20%C8%99i%20ajustarea%20abord%C4%83rilor%20pentru%20a%20g%C4%83si%20cele%20mai%20eficiente%20metode%20de%20atragere%20a%20publicului%20%C8%9Bint%C4%83%20%C8%99i%20de%20cre%C8%99tere%20a%20impactului.%22%7D%5D&#8221;][\/vc_column_inner][\/vc_row_inner][\/vc_column][\/vc_row][vc_row content_placement=&#8221;middle&#8221; use_container=&#8221;yes&#8221;][vc_column width=&#8221;1\/2&#8243;][ts_accordion details=&#8221;%5B%7B%22title%22%3A%22Ne%20angaj%C4%83m%20s%C4%83%20fim%20mereu%20%C3%AEn%20fruntea%20inova%C8%9Biei%20%C3%AEn%20marketing%20digital%22%2C%22description%22%3A%22%C3%8Entr-o%20industrie%20%C3%AEn%20continu%C4%83%20schimbare%2C%20adopt%C4%83m%20%C8%99i%20implement%C4%83m%20cele%20mai%20noi%20tehnologii%20%C8%99i%20tendin%C8%9Be%20pentru%20a%20oferi%20solu%C8%9Bii%20proaspete%20%C8%99i%20eficiente.%20Investim%20constant%20%C3%AEn%20cercetare%20%C8%99i%20dezvoltare%20pentru%20a%20ne%20asigura%20c%C4%83%20strategiile%20noastre%20sunt%20actualizate%20%C8%99i%20relevante.%5Cn%22%7D%2C%7B%22title%22%3A%22%20Punem%20clientul%20%C3%AEn%20centrul%20tuturor%20ac%C8%9Biunilor%20noastre%22%2C%22description%22%3A%22Ne%20dedic%C4%83m%20%C3%AEn%C8%9Belegerii%20profunde%20a%20nevoilor%20%C8%99i%20obiectivelor%20fiec%C4%83rui%20client.%20Personaliz%C4%83m%20solu%C8%9Biile%20noastre%20pentru%20a%20r%C4%83spunde%20exact%20cerin%C8%9Belor%20%C8%99i%20a%C8%99tept%C4%83rilor%20lor%2C%20oferind%20un%20suport%20dedicat%20%C8%99i%20o%20comunicare%20constant%C4%83.%22%7D%2C%7B%22title%22%3A%22%20Practic%C4%83m%20transparen%C8%9Ba%20%C8%99i%20integritatea%20%C3%AEn%20toate%20interac%C8%9Biunile%20noastre.%22%2C%22description%22%3A%22Credem%20%C3%AEn%20construirea%20unor%20rela%C8%9Bii%20de%20%C3%AEncredere%20prin%20oferirea%20de%20informa%C8%9Bii%20clare%20%C8%99i%20oneste.%20Ne%20angaj%C4%83m%20s%C4%83%20furniz%C4%83m%20rapoarte%20detaliate%20%C8%99i%20s%C4%83%20men%C8%9Binem%20o%20comunicare%20deschis%C4%83%20despre%20strategiile%20%C8%99i%20rezultatele%20campaniilor%20noastre.%22%7D%2C%7B%22title%22%3A%22Fiecare%20campanie%20este%20axat%C4%83%20pe%20ob%C8%9Binerea%20de%20rezultate%20tangibile%20%C8%99i%20m%C4%83surabile.%22%2C%22description%22%3A%22Utiliz%C4%83m%20instrumente%20avansate%20de%20analiz%C4%83%20pentru%20a%20monitoriza%20%C8%99i%20evalua%20performan%C8%9Ba%20campaniilor%20noastre.%20Ne%20concentr%C4%83m%20pe%20atingerea%20obiectivelor%20stabilite%20%C8%99i%20ajust%C4%83m%20strategiile%20pe%20baza%20datelor%20pentru%20a%20maximiza%20impactul%20%C8%99i%20ROI-ul%20pentru%20clien%C8%9Bii%20no%C8%99tri.%22%7D%5D&#8221;][\/vc_column][vc_column width=&#8221;1\/2&#8243;][ts_image_box image=&#8221;396&#8243; title=&#8221;Image&#8221;][\/vc_column][\/vc_row]<\/p>\n<\/div>","protected":false},"excerpt":{"rendered":"<p>[vc_row content_placement=&#8221;middle&#8221; section_ratio=&#8221;0.8&#8243; use_container=&#8221;yes&#8221; section_background_image=&#8221;281&#8243;][vc_column offset=&#8221;vc_col-md-6&#8243;][ts_image_box image=&#8221;394&#8243; title=&#8221;Image&#8221;][\/vc_column][vc_column offset=&#8221;vc_col-md-6&#8243;][ts_side_content title=&#8221;Agen\u021be de Marketing Digital de Top&#8221; description=&#8221;O agen\u021bie digital\u0103 creativ\u0103 cu o echip\u0103 diversificat\u0103 \u0219i inovatoare, lucr\u00e2nd \u00eempreun\u0103 pentru a crea designuri deosebite pentru tine. Suntem o agen\u021bie creativ\u0103 complet\u0103 care crede pur \u0219i simplu \u00een crearea de pove\u0219ti de succes digital.&#8221; name=&#8221;&#8221; jobtitle=&#8221;&#8221; tagline=&#8221;S\u0102 FACEM [&hellip;]<\/p>\n","protected":false},"author":1,"featured_media":0,"parent":0,"menu_order":0,"comment_status":"closed","ping_status":"closed","template":"page-builder.php","meta":{"_monsterinsights_skip_tracking":false,"_monsterinsights_sitenote_active":false,"_monsterinsights_sitenote_note":"","_monsterinsights_sitenote_category":0,"footnotes":""},"class_list":["post-159","page","type-page","status-publish","hentry"],"aioseo_notices":[],"acf":[],"_links":{"self":[{"href":"https:\/\/empiremarketing.ro\/agentie-de-marketing\/wp-json\/wp\/v2\/pages\/159","targetHints":{"allow":["GET"]}}],"collection":[{"href":"https:\/\/empiremarketing.ro\/agentie-de-marketing\/wp-json\/wp\/v2\/pages"}],"about":[{"href":"https:\/\/empiremarketing.ro\/agentie-de-marketing\/wp-json\/wp\/v2\/types\/page"}],"author":[{"embeddable":true,"href":"https:\/\/empiremarketing.ro\/agentie-de-marketing\/wp-json\/wp\/v2\/users\/1"}],"replies":[{"embeddable":true,"href":"https:\/\/empiremarketing.ro\/agentie-de-marketing\/wp-json\/wp\/v2\/comments?post=159"}],"version-history":[{"count":14,"href":"https:\/\/empiremarketing.ro\/agentie-de-marketing\/wp-json\/wp\/v2\/pages\/159\/revisions"}],"predecessor-version":[{"id":402,"href":"https:\/\/empiremarketing.ro\/agentie-de-marketing\/wp-json\/wp\/v2\/pages\/159\/revisions\/402"}],"wp:attachment":[{"href":"https:\/\/empiremarketing.ro\/agentie-de-marketing\/wp-json\/wp\/v2\/media?parent=159"}],"curies":[{"name":"wp","href":"https:\/\/api.w.org\/{rel}","templated":true}]}}