{"id":214,"date":"2020-07-23T06:35:30","date_gmt":"2020-07-23T06:35:30","guid":{"rendered":"http:\/\/obour.themezinho.net\/?page_id=214"},"modified":"2025-05-14T14:43:11","modified_gmt":"2025-05-14T12:43:11","slug":"branding","status":"publish","type":"page","link":"https:\/\/empiremarketing.ro\/agentie-de-marketing\/branding\/","title":{"rendered":"Identitate Vizual\u0103 &#038; Branding"},"content":{"rendered":"<div class=\"wpb-content-wrapper\"><p>[vc_row section_ratio=&#8221;0.8&#8243; use_container=&#8221;yes&#8221; section_background_image=&#8221;281&#8243;][vc_column][vc_row_inner][vc_column_inner][ts_section_title title=&#8221;Prima impresie conteaz\u0103. Iar \u00een lumea digital\u0103, aceasta este dictat\u0103 de identitatea vizual\u0103 a brandului t\u0103u.&#8221;][\/vc_column_inner][\/vc_row_inner][ts_text_box]<\/p>\n<p>De la designul logo-ului \u0219i alegerea culorilor reprezentative p\u00e2n\u0103 la fonturi, elemente grafice \u0219i tone of voice, definim tot ceea ce exprim\u0103 cine e\u0219ti ca brand. Nu cre\u0103m doar un aspect estetic, ci un sistem de comunicare vizual\u0103 care transmite \u00eencredere, profesionalism \u0219i autenticitate.<\/p>\n<p>Fie c\u0103 e\u0219ti la \u00eenceput de drum sau vrei un rebranding complet, echipa noastr\u0103 de designeri \u0219i strategi de brand colaboreaz\u0103 pentru a livra o identitate vizual\u0103 solid\u0103, scalabil\u0103 \u0219i adaptabil\u0103 tuturor canalelor de comunicare.<\/p>\n<p>[\/ts_text_box][\/vc_column][\/vc_row][vc_row section_background_color=&#8221;#f3f6fa&#8221; use_container=&#8221;yes&#8221;][vc_column][vc_row_inner][vc_column_inner][ts_section_title title=&#8221;Ce includ serviciile noastre de branding:&#8221;][\/vc_column_inner][\/vc_row_inner][ts_text_box]<\/p>\n<ul>\n<li>Consultan\u021b\u0103 strategic\u0103 de brand<\/li>\n<li>Design logo \u0219i sistem grafic<\/li>\n<li>Palet\u0103 cromatic\u0103 \u0219i fonturi personalizate<\/li>\n<li>Manual de brand (Brand Book)<\/li>\n<li>Materiale vizuale pentru print \u0219i digital<\/li>\n<li>Adaptarea identit\u0103\u021bii vizuale pe website \u0219i social media<\/li>\n<\/ul>\n<p>Cu o identitate vizual\u0103 clar\u0103 \u0219i un brand bine conturat, devii recognoscibil, de \u00eencredere \u0219i memorabil \u00een mintea clien\u021bilor t\u0103i.<\/p>\n<p>[\/ts_text_box][\/vc_column][\/vc_row][vc_row content_placement=&#8221;middle&#8221; section_ratio=&#8221;0.8&#8243; use_container=&#8221;yes&#8221; section_background_image=&#8221;281&#8243;][vc_column offset=&#8221;vc_col-md-6&#8243;][ts_image_box image=&#8221;162&#8243; title=&#8221;Image&#8221;][\/vc_column][vc_column offset=&#8221;vc_col-md-6&#8243;][ts_side_content 1=&#8221;<\/p>\n<ul>&#8221; 2=&#8221;&#8221; 3=&#8221;class=&#8222;&#8222;lni&#8222;&gt;&#8221; 4=&#8221;Creaz\u0103&#8221; 5=&#8221;un&#8221; 6=&#8221;Brand&#8221; 7=&#8221;puternic<\/ul>\n<p>&#8221; 8=&#8221;&#8221; 9=&#8221;class=&#8222;&#8222;lni&#8222;&gt;&#8221; 10=&#8221;Creaz\u0103&#8221; 11=&#8221;un&#8221; 12=&#8221;website&#8221; 13=&#8221;pentru&#8221; 14=&#8221;Brandul&#8221; 15=&#8221;t\u0103u&#8221; 16=&#8221;&#8221; 17=&#8221;class=&#8222;&#8222;lni&#8222;&gt;&#8221; 18=&#8221;F\u0103-\u021bi&#8221; 19=&#8221;cunoscut&#8221; 20=&#8221;businessul&#8221; 21=&#8221;&#8221; 22=&#8221;class=&#8222;&#8222;lni&#8222;&gt;&#8221; 23=&#8221;Promoveaza-\u021bi&#8221; 24=&#8221;bradul&#8221; 25=&#8221;online&#8221; 26=&#8221;&#8221; 27=&#8221;&#8221; 28=&#8221;href=&#8222;&#8222;#&#8222;&#8222;&gt;MAI&#8221; 29=&#8221;MULT&#8222;&#8221; tagline=&#8221;DESCOPER\u0102 EMPIRE&#8221; title=&#8221;Agen\u021bie de marketing digital de top&#8221;][\/vc_column][\/vc_row]<\/p>\n<\/div>","protected":false},"excerpt":{"rendered":"<p>[vc_row section_ratio=&#8221;0.8&#8243; use_container=&#8221;yes&#8221; section_background_image=&#8221;281&#8243;][vc_column][vc_row_inner][vc_column_inner][ts_section_title title=&#8221;Prima impresie conteaz\u0103. Iar \u00een lumea digital\u0103, aceasta este dictat\u0103 de identitatea vizual\u0103 a brandului t\u0103u.&#8221;][\/vc_column_inner][\/vc_row_inner][ts_text_box] De la designul logo-ului \u0219i alegerea culorilor reprezentative p\u00e2n\u0103 la fonturi, elemente grafice \u0219i tone of voice, definim tot ceea ce exprim\u0103 cine e\u0219ti ca brand. Nu cre\u0103m doar un aspect estetic, ci un sistem [&hellip;]<\/p>\n","protected":false},"author":1,"featured_media":0,"parent":0,"menu_order":0,"comment_status":"closed","ping_status":"closed","template":"page-builder.php","meta":{"_monsterinsights_skip_tracking":false,"_monsterinsights_sitenote_active":false,"_monsterinsights_sitenote_note":"","_monsterinsights_sitenote_category":0,"footnotes":""},"class_list":["post-214","page","type-page","status-publish","hentry"],"aioseo_notices":[],"acf":[],"_links":{"self":[{"href":"https:\/\/empiremarketing.ro\/agentie-de-marketing\/wp-json\/wp\/v2\/pages\/214","targetHints":{"allow":["GET"]}}],"collection":[{"href":"https:\/\/empiremarketing.ro\/agentie-de-marketing\/wp-json\/wp\/v2\/pages"}],"about":[{"href":"https:\/\/empiremarketing.ro\/agentie-de-marketing\/wp-json\/wp\/v2\/types\/page"}],"author":[{"embeddable":true,"href":"https:\/\/empiremarketing.ro\/agentie-de-marketing\/wp-json\/wp\/v2\/users\/1"}],"replies":[{"embeddable":true,"href":"https:\/\/empiremarketing.ro\/agentie-de-marketing\/wp-json\/wp\/v2\/comments?post=214"}],"version-history":[{"count":16,"href":"https:\/\/empiremarketing.ro\/agentie-de-marketing\/wp-json\/wp\/v2\/pages\/214\/revisions"}],"predecessor-version":[{"id":671,"href":"https:\/\/empiremarketing.ro\/agentie-de-marketing\/wp-json\/wp\/v2\/pages\/214\/revisions\/671"}],"wp:attachment":[{"href":"https:\/\/empiremarketing.ro\/agentie-de-marketing\/wp-json\/wp\/v2\/media?parent=214"}],"curies":[{"name":"wp","href":"https:\/\/api.w.org\/{rel}","templated":true}]}}