{"id":668,"date":"2025-05-14T14:30:07","date_gmt":"2025-05-14T12:30:07","guid":{"rendered":"https:\/\/empiremarketing.ro\/agentie-de-marketing\/identitate-vizuala-branding-copy\/"},"modified":"2025-05-14T14:30:07","modified_gmt":"2025-05-14T12:30:07","slug":"identitate-vizuala-branding-copy","status":"publish","type":"page","link":"https:\/\/empiremarketing.ro\/agentie-de-marketing\/identitate-vizuala-branding-copy\/","title":{"rendered":"Identitate Vizual\u0103 &#038; Branding &#8211; copy"},"content":{"rendered":"<div class=\"wpb-content-wrapper\"><p>[vc_row section_ratio=&#8221;0.8&#8243; use_container=&#8221;yes&#8221; section_background_image=&#8221;281&#8243;][vc_column][vc_row_inner][vc_column_inner][ts_section_title tagline=&#8221;O ECHIP\u0102 EXPERIMENTAT\u0102&#8221; title=&#8221;Suntem mereu preg\u0103ti\u021bi s\u0103 v\u0103 dezvolt\u0103m abilit\u0103\u021bile \u0219i capacit\u0103\u021bile de marketing pentru a le duce la urm\u0103torul nivel&#8221;][\/vc_column_inner][\/vc_row_inner][vc_row_inner][vc_column_inner width=&#8221;1\/2&#8243; offset=&#8221;vc_col-md-4&#8243;][ts_icon_box icon=&#8221;32&#8243; title=&#8221;OPTIMIZARE SEO (Search Engine Optimization)&#8221; description=&#8221;Ob\u021bine\u021bi mai mult trafic pe site, mai mul\u021bi clien\u021bi \u0219i o vizibilitate online mai mare cu servicii SEO (Search Engine Optimization) puternice \u0219i precise.&#8221;][ts_price_box title=&#8221;Servicii SE0&#8243; button_label=&#8221;Mai Mult&#8221; details=&#8221;%5B%7B%7D%5D&#8221;][\/vc_column_inner][vc_column_inner width=&#8221;1\/2&#8243; offset=&#8221;vc_col-md-4&#8243;][ts_icon_box icon=&#8221;33&#8243; title=&#8221;CAMPANII PAY PER CLICK&#8221; description=&#8221;\u021ainti\u021bi keyword-urile ideale \u0219i fi\u021bi g\u0103si\u021bi \u00een topul rezultatelor c\u0103ut\u0103rilor pe Google pentru o vizibilitate online mai mare.&#8221;][\/vc_column_inner][vc_column_inner width=&#8221;1\/2&#8243; offset=&#8221;vc_col-md-4&#8243;][ts_icon_box icon=&#8221;34&#8243; title=&#8221;DIGITAL BRANDING&#8221; description=&#8221;Transforma\u021bi vizitatorii ocazionali \u00een clien\u021bi pl\u0103titori. \u0218i mai bine, transforma\u021bi-i \u00een sus\u021bin\u0103tori ai brandului pentru o vizibilitate online sporit\u0103.&#8221;][\/vc_column_inner][vc_column_inner width=&#8221;1\/2&#8243; offset=&#8221;vc_col-md-4&#8243;][ts_icon_box icon=&#8221;35&#8243; title=&#8221;CONTENT MARKETING&#8221; description=&#8221;Crea\u021bi, publica\u021bi \u0219i promova\u021bi con\u021binut captivant pentru a genera mai mult trafic \u0219i a construi o comunitate dedicat\u0103.&#8221;][\/vc_column_inner][vc_column_inner width=&#8221;1\/2&#8243; offset=&#8221;vc_col-md-4&#8243;][ts_icon_box icon=&#8221;36&#8243; title=&#8221;META MARKETING&#8221; description=&#8221;Crea\u021bi \u0219i gestiona\u021bi campanii pe social media de succes \u0219i \u00eencepe\u021bi s\u0103 dezvolta\u021bi o baz\u0103 de clien\u021bi fideli.&#8221;][\/vc_column_inner][vc_column_inner width=&#8221;1\/2&#8243; offset=&#8221;vc_col-md-4&#8243;][ts_icon_box icon=&#8221;37&#8243; title=&#8221;OPTIMIZARE CONVERSII&#8221; description=&#8221;Brandul t\u0103u este un instrument de marketing puternic care poate stimula v\u00e2nz\u0103rile \u0219i se poate asigura c\u0103 e\u0219ti prima op\u021biune pentru clien\u021bii t\u0103i.&#8221;][\/vc_column_inner][\/vc_row_inner][\/vc_column][\/vc_row][vc_row section_background_color=&#8221;#f3f6fa&#8221; use_container=&#8221;yes&#8221;][vc_column][vc_row_inner][vc_column_inner][ts_section_title tagline=&#8221;PROCESUL DEZVOLT\u0102RII WEB&#8221; title=&#8221;Ciclul de dezvoltare al WebSite-ului&#8221;][\/vc_column_inner][\/vc_row_inner][vc_row_inner][vc_column_inner][ts_tab_content details=&#8221;%5B%7B%22tab_icon%22%3A%22%3Ci%20class%3D%5C%22lni%20lni-layers%5C%22%3E%3C%2Fi%3E%22%2C%22tab_item%22%3A%22Cercetare%22%2C%22tab_content%22%3A%22Organiz%C4%83m%20o%20sesiune%20interactiv%C4%83%20de%20recomand%C4%83ri%2C%20analiz%C4%83%20%C8%99i%20brainstorming%20%C3%AEmpreun%C4%83%20cu%20echipa%20noastr%C4%83%20de%20dezvoltare%2C%20%C3%AEn%20care%20cre%C4%83m%20o%20strategie%20perfect%C4%83%20pentru%20afacerea%20dumneavoastr%C4%83%2C%20av%C3%A2nd%20%C3%AEn%20vedere%20a%C8%99tept%C4%83rile%20p%C4%83r%C8%9Bilor%20interesate%20%C8%99i%20obiectivele%20afacerii%2C%20pentru%20a%20ne%20asigura%20c%C4%83%20direc%C8%9Bia%20aleas%C4%83%20este%20cea%20potrivit%C4%83.%22%7D%2C%7B%22tab_icon%22%3A%22%3Ci%20class%3D%5C%22lni%20lni-layout%5C%22%3E%3C%2Fi%3E%22%2C%22tab_item%22%3A%22Strategie%22%2C%22tab_content%22%3A%22Elaborarea%20unei%20strategii%20de%20web%20development%20%C3%AEncepe%20cu%20%C3%AEn%C8%9Belegerea%20obiectivelor%20afacerii%20%C8%99i%20a%20nevoilor%20utilizatorilor.%20Se%20analizeaz%C4%83%20cerin%C8%9Bele%2C%20se%20definesc%20publicul%20%C8%9Bint%C4%83%20%C8%99i%20func%C8%9Bionalit%C4%83%C8%9Bile%20necesare.%20%C3%8En%20etapa%20de%20planificare%2C%20se%20stabile%C8%99te%20arhitectura%20site-ului%2C%20se%20creeaz%C4%83%20wireframe-uri%20%C8%99i%20se%20selecteaz%C4%83%20tehnologiile%20potrivite.%20Designul%20vizual%20%C8%99i%20experien%C8%9Ba%20utilizatorului%20sunt%20esen%C8%9Biale%20pentru%20succesul%20site-ului.%20Dup%C4%83%20dezvoltare%2C%20site-ul%20este%20testat%20riguros%20pentru%20a%20asigura%20func%C8%9Bionalitatea%20%C8%99i%20compatibilitatea.%22%7D%2C%7B%22tab_icon%22%3A%22%3Ci%20class%3D%5C%22lni%20lni-brush%5C%22%3E%3C%2Fi%3E%22%2C%22tab_item%22%3A%22Design%22%2C%22tab_content%22%3A%22Designul%20web%20combin%C4%83%20creativitatea%20cu%20tehnologia%20pentru%20a%20crea%20site-uri%20atractive%20%C8%99i%20func%C8%9Bionale.%20Procesul%20%C3%AEncepe%20cu%20%C3%AEn%C8%9Belegerea%20obiectivelor%20afacerii%20%C8%99i%20a%20nevoilor%20utilizatorilor%2C%20urmat%20de%20realizarea%20wireframe-urilor%20%C8%99i%20prototipurilor.%20Se%20pune%20accent%20pe%20crearea%20unei%20interfe%C8%9Be%20intuitive%20%C8%99i%20vizuale%2C%20reflect%C3%A2nd%20identitatea%20brandului.%20Alegerea%20atent%C4%83%20a%20culorilor%2C%20fonturilor%20%C8%99i%20imaginilor%20este%20crucial%C4%83%20pentru%20o%20experien%C8%9B%C4%83%20optim%C4%83.%20Testarea%20riguroas%C4%83%20asigur%C4%83%20compatibilitatea%20pe%20diverse%20dispozitive%20%C8%99i%20browsere%2C%20iar%20optimizarea%20continu%C4%83%20%C3%AEmbun%C4%83t%C4%83%C8%9Be%C8%99te%20performan%C8%9Ba%20site-ului.%20Un%20design%20bine%20realizat%20nu%20doar%20c%C4%83%20atrage%20utilizatorii%2C%20ci%20%C8%99i%20faciliteaz%C4%83%20navigarea%20%C8%99i%20accesibilitatea.%22%7D%2C%7B%22tab_icon%22%3A%22%3Ci%20class%3D%5C%22lni%20lni-code-alt%5C%22%3E%3C%2Fi%3E%22%2C%22tab_item%22%3A%22Dezvoltare%22%2C%22tab_content%22%3A%22Dezvoltarea%20web%20este%20procesul%20tehnic%20de%20construire%20a%20unui%20site%20web%20func%C8%9Bional%20pe%20baza%20designului%20creat.%20%C3%8Encepe%20cu%20codarea%20frontend-ului%20%C8%99i%20backend-ului%2C%20folosind%20limbaje%20de%20programare%20precum%20HTML%2C%20CSS%2C%20JavaScript%20pentru%20partea%20vizual%C4%83%20%C8%99i%20PHP%2C%20Python%2C%20sau%20Ruby%20pentru%20func%C8%9Bionalit%C4%83%C8%9Bi%20server-side.%20Se%20integreaz%C4%83%20baze%20de%20date%20pentru%20gestionarea%20informa%C8%9Biilor%20%C8%99i%20se%20implementeaz%C4%83%20func%C8%9Bionalit%C4%83%C8%9Bi%20interactive%2C%20cum%20ar%20fi%20formulare%20%C8%99i%20comerciale%20online.%20Testarea%20riguroas%C4%83%20asigur%C4%83%20c%C4%83%20site-ul%20func%C8%9Bioneaz%C4%83%20corect%20pe%20diverse%20dispozitive%20%C8%99i%20browsere%2C%20identific%C3%A2nd%20%C8%99i%20corect%C3%A2nd%20eventualele%20erori.%22%7D%2C%7B%22tab_icon%22%3A%22%3Ci%20class%3D%5C%22lni%20lni-rocket%5C%22%3E%3C%2Fi%3E%22%2C%22tab_item%22%3A%22Lansare%22%2C%22tab_content%22%3A%22Lansarea%20unui%20site%20web%20este%20etapa%20final%C4%83%20%C8%99i%20crucial%C4%83%20a%20procesului%20de%20dezvoltare.%20Dup%C4%83%20finalizarea%20designului%20%C8%99i%20dezvolt%C4%83rii%2C%20site-ul%20este%20preg%C4%83tit%20pentru%20a%20fi%20publicat.%20%C3%8Enainte%20de%20lansare%2C%20se%20efectueaz%C4%83%20ultimele%20teste%20pentru%20a%20verifica%20func%C8%9Bionalitatea%2C%20compatibilitatea%20%C8%99i%20performan%C8%9Ba%20pe%20diferite%20dispozitive%20%C8%99i%20browsere.%20Se%20asigur%C4%83%20c%C4%83%20toate%20linkurile%20sunt%20func%C8%9Bionale%20%C8%99i%20c%C4%83%20nu%20exist%C4%83%20erori%20tehnice.%20Dup%C4%83%20ce%20site-ul%20este%20%C3%AEnc%C4%83rcat%20pe%20serverul%20de%20produc%C8%9Bie%2C%20se%20efectueaz%C4%83%20verific%C4%83ri%20finale%20pentru%20a%20confirma%20c%C4%83%20totul%20func%C8%9Bioneaz%C4%83%20corect.%20Lansarea%20este%20urmat%C4%83%20de%20monitorizare%20constant%C4%83%20pentru%20a%20detecta%20%C8%99i%20rezolva%20rapid%20orice%20probleme.%20%C3%8En%20plus%2C%20se%20colecteaz%C4%83%20feedback-ul%20utilizatorilor%20pentru%20a%20face%20ajust%C4%83ri%20%C8%99i%20%C3%AEmbun%C4%83t%C4%83%C8%9Biri%20continue%2C%20asigur%C3%A2nd%20astfel%20o%20experien%C8%9B%C4%83%20optim%C4%83%20%C8%99i%20o%20performan%C8%9B%C4%83%20de%20%C3%AEnalt%C4%83%20calitate.%22%7D%5D&#8221;][\/vc_column_inner][\/vc_row_inner][\/vc_column][\/vc_row][vc_row content_placement=&#8221;middle&#8221; section_ratio=&#8221;0.8&#8243; use_container=&#8221;yes&#8221; section_background_image=&#8221;281&#8243;][vc_column offset=&#8221;vc_col-md-6&#8243;][ts_image_box image=&#8221;162&#8243; title=&#8221;Image&#8221;][\/vc_column][vc_column offset=&#8221;vc_col-md-6&#8243;][ts_side_content 0=&#8221;1=&#8222;&#8221; 1=&#8221;<\/p>\n<ul>&#8221; 2=&#8221;&#8221; 3=&#8221;class=&#8222;&#8222;lni&#8222;&gt;&#8221; 4=&#8221;Creaz\u0103&#8221; 5=&#8221;un&#8221; 6=&#8221;Brand&#8221; 7=&#8221;puternic<\/ul>\n<p>&#8221; 8=&#8221;&#8221; 9=&#8221;class=&#8222;&#8222;lni&#8222;&gt;&#8221; 10=&#8221;Creaz\u0103&#8221; 11=&#8221;un&#8221; 12=&#8221;website&#8221; 13=&#8221;pentru&#8221; 14=&#8221;Brandul&#8221; 15=&#8221;t\u0103u&#8221; 16=&#8221;&#8221; 17=&#8221;class=&#8222;&#8222;lni&#8222;&gt;&#8221; 18=&#8221;F\u0103-\u021bi&#8221; 19=&#8221;cunoscut&#8221; 20=&#8221;businessul&#8221; 21=&#8221;&#8221; 22=&#8221;class=&#8222;&#8222;lni&#8222;&gt;&#8221; 23=&#8221;Promoveaza-\u021bi&#8221; 24=&#8221;bradul&#8221; 25=&#8221;online&#8221; 26=&#8221;&#8221; 27=&#8221;&#8221; 28=&#8221;href=&#8222;&#8222;#&#8222;&#8222;&gt;MAI&#8221; 29=&#8221;MULT&#8222;&#8221; tagline=&#8221;DESCOPER\u0102 EMPIRE&#8221; title=&#8221;Agen\u021bie de marketing digital de top&#8221;][\/vc_column][\/vc_row]<\/p>\n<\/div>","protected":false},"excerpt":{"rendered":"<p>[vc_row section_ratio=&#8221;0.8&#8243; use_container=&#8221;yes&#8221; section_background_image=&#8221;281&#8243;][vc_column][vc_row_inner][vc_column_inner][ts_section_title tagline=&#8221;O ECHIP\u0102 EXPERIMENTAT\u0102&#8221; title=&#8221;Suntem mereu preg\u0103ti\u021bi s\u0103 v\u0103 dezvolt\u0103m abilit\u0103\u021bile \u0219i capacit\u0103\u021bile de marketing pentru a le duce la urm\u0103torul nivel&#8221;][\/vc_column_inner][\/vc_row_inner][vc_row_inner][vc_column_inner width=&#8221;1\/2&#8243; offset=&#8221;vc_col-md-4&#8243;][ts_icon_box icon=&#8221;32&#8243; title=&#8221;OPTIMIZARE SEO (Search Engine Optimization)&#8221; description=&#8221;Ob\u021bine\u021bi mai mult trafic pe site, mai mul\u021bi clien\u021bi \u0219i o vizibilitate online mai mare cu servicii SEO (Search Engine Optimization) puternice [&hellip;]<\/p>\n","protected":false},"author":1,"featured_media":0,"parent":0,"menu_order":0,"comment_status":"closed","ping_status":"closed","template":"page-builder.php","meta":{"_monsterinsights_skip_tracking":false,"_monsterinsights_sitenote_active":false,"_monsterinsights_sitenote_note":"","_monsterinsights_sitenote_category":0,"footnotes":""},"class_list":["post-668","page","type-page","status-publish","hentry"],"aioseo_notices":[],"acf":[],"_links":{"self":[{"href":"https:\/\/empiremarketing.ro\/agentie-de-marketing\/wp-json\/wp\/v2\/pages\/668","targetHints":{"allow":["GET"]}}],"collection":[{"href":"https:\/\/empiremarketing.ro\/agentie-de-marketing\/wp-json\/wp\/v2\/pages"}],"about":[{"href":"https:\/\/empiremarketing.ro\/agentie-de-marketing\/wp-json\/wp\/v2\/types\/page"}],"author":[{"embeddable":true,"href":"https:\/\/empiremarketing.ro\/agentie-de-marketing\/wp-json\/wp\/v2\/users\/1"}],"replies":[{"embeddable":true,"href":"https:\/\/empiremarketing.ro\/agentie-de-marketing\/wp-json\/wp\/v2\/comments?post=668"}],"version-history":[{"count":0,"href":"https:\/\/empiremarketing.ro\/agentie-de-marketing\/wp-json\/wp\/v2\/pages\/668\/revisions"}],"wp:attachment":[{"href":"https:\/\/empiremarketing.ro\/agentie-de-marketing\/wp-json\/wp\/v2\/media?parent=668"}],"curies":[{"name":"wp","href":"https:\/\/api.w.org\/{rel}","templated":true}]}}